{"id":310,"date":"2017-05-08T16:01:44","date_gmt":"2017-05-08T14:01:44","guid":{"rendered":"http:\/\/www.infonautics.ch\/blog\/?page_id=310"},"modified":"2021-01-12T18:37:29","modified_gmt":"2021-01-12T17:37:29","slug":"kontakt","status":"publish","type":"page","link":"https:\/\/www.infonautics.ch\/blog\/kontakt\/","title":{"rendered":"CONTACT \/ KONTAKT"},"content":{"rendered":"<p>Do you have any questions about the articles we publish or the software we develop? Would you like more information? Contact us, we look forward to hearing from you.<\/p>\n<table style=\"width: 100%; border-collapse: collapse; border-style: hidden;\">\n<tbody>\n<tr>\n<td style=\"width: 100%;\"><\/td>\n<\/tr>\n<\/tbody>\n<\/table>\n<p>Haben Sie Fragen zu den von uns ver\u00f6ffentlichten Beitr\u00e4gen oder zu der von uns entwickelten Software? W\u00fcnschen Sie weitere Informationen? Nehmen Sie mit uns Kontakt auf, wir freuen uns, von Ihnen zu h\u00f6ren.\u00ad<\/p>\n<table style=\"width: 100%; border-collapse: collapse; border-style: hidden;\">\n<tbody>\n<tr>\n<td style=\"width: 100%;\"><\/td>\n<\/tr>\n<\/tbody>\n<\/table>\n<p><strong>INFONAUTICS GmbH<\/strong><br \/>\nEichholzweg 16<br \/>\nCH-6312 Steinhausen<br \/>\nSwitzerland<br \/>\n<a title=\"https:\/\/www.infonautics.ch\" href=\"https:\/\/www.infonautics.ch\" target=\"_blank\" rel=\"noopener noreferrer\">https:\/\/www.infonautics.ch<\/a><br \/>\n<a title=\"infonautics@infonautics.ch\" href=\"mailto:infonautics.@infonautics.ch\">infonautics@infonautics.ch<\/a><\/p>\n<table style=\"width: 100%; border-collapse: collapse; border-style: hidden;\">\n<tbody>\n<tr>\n<td style=\"width: 100%;\"><\/td>\n<\/tr>\n<\/tbody>\n<\/table>\n<p><strong>Contact \/ Kontakt<\/strong><br \/>\n\n<div class=\"wpcf7 no-js\" id=\"wpcf7-f309-o1\" lang=\"de-DE\" dir=\"ltr\" data-wpcf7-id=\"309\">\n<div class=\"screen-reader-response\"><p role=\"status\" aria-live=\"polite\" aria-atomic=\"true\"><\/p> <ul><\/ul><\/div>\n<form action=\"\/blog\/wp-json\/wp\/v2\/pages\/310#wpcf7-f309-o1\" method=\"post\" class=\"wpcf7-form init\" aria-label=\"Kontaktformular\" novalidate=\"novalidate\" data-status=\"init\">\n<div style=\"display: none;\">\n<input type=\"hidden\" name=\"_wpcf7\" value=\"309\" \/>\n<input type=\"hidden\" name=\"_wpcf7_version\" value=\"6.0.5\" \/>\n<input type=\"hidden\" name=\"_wpcf7_locale\" value=\"de_DE\" \/>\n<input type=\"hidden\" name=\"_wpcf7_unit_tag\" value=\"wpcf7-f309-o1\" \/>\n<input type=\"hidden\" name=\"_wpcf7_container_post\" value=\"0\" \/>\n<input type=\"hidden\" name=\"_wpcf7_posted_data_hash\" value=\"\" \/>\n<\/div>\n<p>First name \/ Vorname *\n<\/p>\n<p><span class=\"wpcf7-form-control-wrap\" data-name=\"your-firstname\"><input size=\"40\" maxlength=\"400\" class=\"wpcf7-form-control wpcf7-text wpcf7-validates-as-required\" aria-required=\"true\" aria-invalid=\"false\" value=\"\" type=\"text\" name=\"your-firstname\" \/><\/span>\n<\/p>\n<p>Last name \/ Nachname *\n<\/p>\n<p><span class=\"wpcf7-form-control-wrap\" data-name=\"your-name\"><input size=\"40\" maxlength=\"400\" class=\"wpcf7-form-control wpcf7-text wpcf7-validates-as-required\" aria-required=\"true\" aria-invalid=\"false\" value=\"\" type=\"text\" name=\"your-name\" \/><\/span>\n<\/p>\n<p>Company \/ Firma\n<\/p>\n<p><span class=\"wpcf7-form-control-wrap\" data-name=\"firma\"><input size=\"40\" maxlength=\"400\" class=\"wpcf7-form-control wpcf7-text\" aria-invalid=\"false\" value=\"\" type=\"text\" name=\"firma\" \/><\/span>\n<\/p>\n<p>Email address \/ Email Adresse *\n<\/p>\n<p><span class=\"wpcf7-form-control-wrap\" data-name=\"your-email\"><input size=\"40\" maxlength=\"400\" class=\"wpcf7-form-control wpcf7-email wpcf7-validates-as-required wpcf7-text wpcf7-validates-as-email\" aria-required=\"true\" aria-invalid=\"false\" value=\"\" type=\"email\" name=\"your-email\" \/><\/span>\n<\/p>\n<p>Subject \/ Betreff\n<\/p>\n<p><span class=\"wpcf7-form-control-wrap\" data-name=\"your-subject\"><input size=\"40\" maxlength=\"400\" class=\"wpcf7-form-control wpcf7-text\" aria-invalid=\"false\" value=\"\" type=\"text\" name=\"your-subject\" \/><\/span>\n<\/p>\n<p>Message \/ Nachricht\n<\/p>\n<p><span class=\"wpcf7-form-control-wrap\" data-name=\"your-message\"><textarea cols=\"40\" rows=\"10\" maxlength=\"2000\" class=\"wpcf7-form-control wpcf7-textarea\" aria-invalid=\"false\" name=\"your-message\"><\/textarea><\/span>\n<\/p>\n<p>Access code \/ Zugangscode *\n<\/p>\n<p><input type=\"hidden\" name=\"_wpcf7_captcha_challenge_captcha-blog-en\" value=\"2029626253\" \/><img data-recalc-dims=\"1\" loading=\"lazy\" decoding=\"async\" class=\"wpcf7-form-control wpcf7-captchac wpcf7-captcha-captcha-blog-en\" width=\"72\" height=\"24\" alt=\"captcha\" src=\"https:\/\/i0.wp.com\/www.infonautics.ch\/blog\/wp-content\/uploads\/wpcf7_captcha\/2029626253.png?resize=72%2C24&#038;ssl=1\" \/><br \/>\n<span class=\"wpcf7-form-control-wrap\" data-name=\"captcha-blog-en\"><input size=\"4\" maxlength=\"4\" class=\"wpcf7-form-control wpcf7-captchar\" autocomplete=\"off\" aria-invalid=\"false\" value=\"\" type=\"text\" name=\"captcha-blog-en\" \/><\/span>\n<\/p>\n<p><input class=\"wpcf7-form-control wpcf7-submit has-spinner\" type=\"submit\" value=\"Submit \/ Senden\" \/>\n<\/p><div class=\"wpcf7-response-output\" aria-hidden=\"true\"><\/div>\n<\/form>\n<\/div>\n<\/p>\n","protected":false},"excerpt":{"rendered":"<p>Do you have any questions about the articles we publish or the software we develop? Would you like more information? Contact us, we look forward to hearing from you. Haben Sie Fragen zu den von uns ver\u00f6ffentlichten Beitr\u00e4gen oder zu<\/p>\n","protected":false},"author":1,"featured_media":0,"parent":0,"menu_order":0,"comment_status":"closed","ping_status":"closed","template":"","meta":{"jetpack_post_was_ever_published":false,"footnotes":""},"class_list":["post-310","page","type-page","status-publish","hentry"],"yoast_head":"<!-- This site is optimized with the Yoast SEO plugin v24.6 - https:\/\/yoast.com\/wordpress\/plugins\/seo\/ -->\n<title>Kontakt mit INFONAUTICS GmbH<\/title>\n<meta name=\"description\" content=\"Die INFONAUTICS GmbH ist ein Schweizer Softwareunternehmen. Wir entwickeln kundenspezifische Software wie auch Shareware und Freeware. Kontaktieren Sie uns!\" \/>\n<meta name=\"robots\" content=\"index, follow, max-snippet:-1, max-image-preview:large, max-video-preview:-1\" \/>\n<link rel=\"canonical\" href=\"https:\/\/www.infonautics.ch\/blog\/kontakt\/\" \/>\n<meta property=\"og:locale\" content=\"en_US\" \/>\n<meta property=\"og:type\" content=\"article\" \/>\n<meta property=\"og:title\" content=\"Kontakt mit INFONAUTICS GmbH\" \/>\n<meta property=\"og:description\" content=\"Die INFONAUTICS GmbH ist ein Schweizer Softwareunternehmen. Wir entwickeln kundenspezifische Software wie auch Shareware und Freeware. Kontaktieren Sie uns!\" \/>\n<meta property=\"og:url\" content=\"https:\/\/www.infonautics.ch\/blog\/kontakt\/\" \/>\n<meta property=\"og:site_name\" content=\"Infonautics Blog\" \/>\n<meta property=\"article:publisher\" content=\"https:\/\/www.facebook.com\/InfonauticsGmbH\/\" \/>\n<meta property=\"article:modified_time\" content=\"2021-01-12T17:37:29+00:00\" \/>\n<meta name=\"twitter:card\" content=\"summary_large_image\" \/>\n<meta name=\"twitter:site\" content=\"@InfonauticsGmbH\" \/>\n<script type=\"application\/ld+json\" class=\"yoast-schema-graph\">{\"@context\":\"https:\/\/schema.org\",\"@graph\":[{\"@type\":\"WebPage\",\"@id\":\"https:\/\/www.infonautics.ch\/blog\/kontakt\/\",\"url\":\"https:\/\/www.infonautics.ch\/blog\/kontakt\/\",\"name\":\"Kontakt mit INFONAUTICS GmbH\",\"isPartOf\":{\"@id\":\"https:\/\/www.infonautics.ch\/blog\/#website\"},\"datePublished\":\"2017-05-08T14:01:44+00:00\",\"dateModified\":\"2021-01-12T17:37:29+00:00\",\"description\":\"Die INFONAUTICS GmbH ist ein Schweizer Softwareunternehmen. Wir entwickeln kundenspezifische Software wie auch Shareware und Freeware. Kontaktieren Sie uns!\",\"breadcrumb\":{\"@id\":\"https:\/\/www.infonautics.ch\/blog\/kontakt\/#breadcrumb\"},\"inLanguage\":\"en-US\",\"potentialAction\":[{\"@type\":\"ReadAction\",\"target\":[\"https:\/\/www.infonautics.ch\/blog\/kontakt\/\"]}]},{\"@type\":\"BreadcrumbList\",\"@id\":\"https:\/\/www.infonautics.ch\/blog\/kontakt\/#breadcrumb\",\"itemListElement\":[{\"@type\":\"ListItem\",\"position\":1,\"name\":\"Home\",\"item\":\"https:\/\/www.infonautics.ch\/blog\/\"},{\"@type\":\"ListItem\",\"position\":2,\"name\":\"CONTACT \/ KONTAKT\"}]},{\"@type\":\"WebSite\",\"@id\":\"https:\/\/www.infonautics.ch\/blog\/#website\",\"url\":\"https:\/\/www.infonautics.ch\/blog\/\",\"name\":\"Infonautics Blog\",\"description\":\"English and German posts  \/  Englische und Deutsche Beitr\u00e4ge\",\"publisher\":{\"@id\":\"https:\/\/www.infonautics.ch\/blog\/#organization\"},\"potentialAction\":[{\"@type\":\"SearchAction\",\"target\":{\"@type\":\"EntryPoint\",\"urlTemplate\":\"https:\/\/www.infonautics.ch\/blog\/?s={search_term_string}\"},\"query-input\":{\"@type\":\"PropertyValueSpecification\",\"valueRequired\":true,\"valueName\":\"search_term_string\"}}],\"inLanguage\":\"en-US\"},{\"@type\":\"Organization\",\"@id\":\"https:\/\/www.infonautics.ch\/blog\/#organization\",\"name\":\"Infonautics GmbH\",\"url\":\"https:\/\/www.infonautics.ch\/blog\/\",\"logo\":{\"@type\":\"ImageObject\",\"inLanguage\":\"en-US\",\"@id\":\"https:\/\/www.infonautics.ch\/blog\/#\/schema\/logo\/image\/\",\"url\":\"https:\/\/i0.wp.com\/www.infonautics.ch\/blog\/wp-content\/uploads\/2015\/05\/LogoGoogleProfilfoto.jpg?fit=250%2C250&ssl=1\",\"contentUrl\":\"https:\/\/i0.wp.com\/www.infonautics.ch\/blog\/wp-content\/uploads\/2015\/05\/LogoGoogleProfilfoto.jpg?fit=250%2C250&ssl=1\",\"width\":250,\"height\":250,\"caption\":\"Infonautics GmbH\"},\"image\":{\"@id\":\"https:\/\/www.infonautics.ch\/blog\/#\/schema\/logo\/image\/\"},\"sameAs\":[\"https:\/\/www.facebook.com\/InfonauticsGmbH\/\",\"https:\/\/x.com\/InfonauticsGmbH\",\"https:\/\/www.linkedin.com\/company\/infonautics-gmbh\",\"https:\/\/www.youtube.com\/user\/Infonautics\"]}]}<\/script>\n<!-- \/ Yoast SEO plugin. -->","yoast_head_json":{"title":"Kontakt mit INFONAUTICS GmbH","description":"Die INFONAUTICS GmbH ist ein Schweizer Softwareunternehmen. Wir entwickeln kundenspezifische Software wie auch Shareware und Freeware. Kontaktieren Sie uns!","robots":{"index":"index","follow":"follow","max-snippet":"max-snippet:-1","max-image-preview":"max-image-preview:large","max-video-preview":"max-video-preview:-1"},"canonical":"https:\/\/www.infonautics.ch\/blog\/kontakt\/","og_locale":"en_US","og_type":"article","og_title":"Kontakt mit INFONAUTICS GmbH","og_description":"Die INFONAUTICS GmbH ist ein Schweizer Softwareunternehmen. Wir entwickeln kundenspezifische Software wie auch Shareware und Freeware. Kontaktieren Sie uns!","og_url":"https:\/\/www.infonautics.ch\/blog\/kontakt\/","og_site_name":"Infonautics Blog","article_publisher":"https:\/\/www.facebook.com\/InfonauticsGmbH\/","article_modified_time":"2021-01-12T17:37:29+00:00","twitter_card":"summary_large_image","twitter_site":"@InfonauticsGmbH","schema":{"@context":"https:\/\/schema.org","@graph":[{"@type":"WebPage","@id":"https:\/\/www.infonautics.ch\/blog\/kontakt\/","url":"https:\/\/www.infonautics.ch\/blog\/kontakt\/","name":"Kontakt mit INFONAUTICS GmbH","isPartOf":{"@id":"https:\/\/www.infonautics.ch\/blog\/#website"},"datePublished":"2017-05-08T14:01:44+00:00","dateModified":"2021-01-12T17:37:29+00:00","description":"Die INFONAUTICS GmbH ist ein Schweizer Softwareunternehmen. Wir entwickeln kundenspezifische Software wie auch Shareware und Freeware. Kontaktieren Sie uns!","breadcrumb":{"@id":"https:\/\/www.infonautics.ch\/blog\/kontakt\/#breadcrumb"},"inLanguage":"en-US","potentialAction":[{"@type":"ReadAction","target":["https:\/\/www.infonautics.ch\/blog\/kontakt\/"]}]},{"@type":"BreadcrumbList","@id":"https:\/\/www.infonautics.ch\/blog\/kontakt\/#breadcrumb","itemListElement":[{"@type":"ListItem","position":1,"name":"Home","item":"https:\/\/www.infonautics.ch\/blog\/"},{"@type":"ListItem","position":2,"name":"CONTACT \/ KONTAKT"}]},{"@type":"WebSite","@id":"https:\/\/www.infonautics.ch\/blog\/#website","url":"https:\/\/www.infonautics.ch\/blog\/","name":"Infonautics Blog","description":"English and German posts  \/  Englische und Deutsche Beitr\u00e4ge","publisher":{"@id":"https:\/\/www.infonautics.ch\/blog\/#organization"},"potentialAction":[{"@type":"SearchAction","target":{"@type":"EntryPoint","urlTemplate":"https:\/\/www.infonautics.ch\/blog\/?s={search_term_string}"},"query-input":{"@type":"PropertyValueSpecification","valueRequired":true,"valueName":"search_term_string"}}],"inLanguage":"en-US"},{"@type":"Organization","@id":"https:\/\/www.infonautics.ch\/blog\/#organization","name":"Infonautics GmbH","url":"https:\/\/www.infonautics.ch\/blog\/","logo":{"@type":"ImageObject","inLanguage":"en-US","@id":"https:\/\/www.infonautics.ch\/blog\/#\/schema\/logo\/image\/","url":"https:\/\/i0.wp.com\/www.infonautics.ch\/blog\/wp-content\/uploads\/2015\/05\/LogoGoogleProfilfoto.jpg?fit=250%2C250&ssl=1","contentUrl":"https:\/\/i0.wp.com\/www.infonautics.ch\/blog\/wp-content\/uploads\/2015\/05\/LogoGoogleProfilfoto.jpg?fit=250%2C250&ssl=1","width":250,"height":250,"caption":"Infonautics GmbH"},"image":{"@id":"https:\/\/www.infonautics.ch\/blog\/#\/schema\/logo\/image\/"},"sameAs":["https:\/\/www.facebook.com\/InfonauticsGmbH\/","https:\/\/x.com\/InfonauticsGmbH","https:\/\/www.linkedin.com\/company\/infonautics-gmbh","https:\/\/www.youtube.com\/user\/Infonautics"]}]}},"jetpack_sharing_enabled":true,"jetpack_shortlink":"https:\/\/wp.me\/P4xMM9-50","_links":{"self":[{"href":"https:\/\/www.infonautics.ch\/blog\/wp-json\/wp\/v2\/pages\/310","targetHints":{"allow":["GET"]}}],"collection":[{"href":"https:\/\/www.infonautics.ch\/blog\/wp-json\/wp\/v2\/pages"}],"about":[{"href":"https:\/\/www.infonautics.ch\/blog\/wp-json\/wp\/v2\/types\/page"}],"author":[{"embeddable":true,"href":"https:\/\/www.infonautics.ch\/blog\/wp-json\/wp\/v2\/users\/1"}],"replies":[{"embeddable":true,"href":"https:\/\/www.infonautics.ch\/blog\/wp-json\/wp\/v2\/comments?post=310"}],"version-history":[{"count":36,"href":"https:\/\/www.infonautics.ch\/blog\/wp-json\/wp\/v2\/pages\/310\/revisions"}],"predecessor-version":[{"id":3078,"href":"https:\/\/www.infonautics.ch\/blog\/wp-json\/wp\/v2\/pages\/310\/revisions\/3078"}],"wp:attachment":[{"href":"https:\/\/www.infonautics.ch\/blog\/wp-json\/wp\/v2\/media?parent=310"}],"curies":[{"name":"wp","href":"https:\/\/api.w.org\/{rel}","templated":true}]}}